{"id":356,"date":"2025-04-29T11:22:43","date_gmt":"2025-04-29T11:22:43","guid":{"rendered":"https:\/\/ariapolymer.co\/tr\/?page_id=356"},"modified":"2025-07-22T12:53:39","modified_gmt":"2025-07-22T12:53:39","slug":"coupling-agent","status":"publish","type":"page","link":"https:\/\/ariapolymer.co\/tr\/coupling-agent\/","title":{"rendered":"Ba\u011flay\u0131c\u0131 Ajan"},"content":{"rendered":"\t\t<div data-elementor-type=\"wp-page\" data-elementor-id=\"356\" class=\"elementor elementor-356\" data-elementor-post-type=\"page\">\n\t\t\t\t<div class=\"elementor-element elementor-element-3b94296 e-con-full e-flex e-con e-parent\" data-id=\"3b94296\" data-element_type=\"container\" data-settings=\"{&quot;background_background&quot;:&quot;classic&quot;}\">\n\t\t\t\t<div class=\"elementor-element elementor-element-c5ae4b9 elementor-widget elementor-widget-heading\" data-id=\"c5ae4b9\" data-element_type=\"widget\" data-widget_type=\"heading.default\">\n\t\t\t\t<div class=\"elementor-widget-container\">\n\t\t\t\t\t<span class=\"elementor-heading-title elementor-size-default\">Buradas\u0131n\u0131z:&nbsp;<\/span>\t\t\t\t<\/div>\n\t\t\t\t<\/div>\n\t\t\t\t<div class=\"elementor-element elementor-element-6978572 elementor-widget elementor-widget-heading\" data-id=\"6978572\" data-element_type=\"widget\" data-widget_type=\"heading.default\">\n\t\t\t\t<div class=\"elementor-widget-container\">\n\t\t\t\t\t<span class=\"elementor-heading-title elementor-size-default\"><a href=\"https:\/\/ariapolymer.co\/tr\">Ana Sayfa<\/a><\/span>\t\t\t\t<\/div>\n\t\t\t\t<\/div>\n\t\t\t\t<div class=\"elementor-element elementor-element-ace9120 elementor-widget elementor-widget-heading\" data-id=\"ace9120\" data-element_type=\"widget\" data-widget_type=\"heading.default\">\n\t\t\t\t<div class=\"elementor-widget-container\">\n\t\t\t\t\t<span class=\"elementor-heading-title elementor-size-default\"><a href=\"https:\/\/ariapolymer.co\/temp\/\">.<\/a><\/span>\t\t\t\t<\/div>\n\t\t\t\t<\/div>\n\t\t\t\t<div class=\"elementor-element elementor-element-b23b64e elementor-widget elementor-widget-heading\" data-id=\"b23b64e\" data-element_type=\"widget\" data-widget_type=\"heading.default\">\n\t\t\t\t<div class=\"elementor-widget-container\">\n\t\t\t\t\t<span class=\"elementor-heading-title elementor-size-default\"><a href=\"https:\/\/ariapolymer.co\/tr\/products\">&nbsp;\u00dcr\u00fcnler<\/a><\/span>\t\t\t\t<\/div>\n\t\t\t\t<\/div>\n\t\t\t\t<div class=\"elementor-element elementor-element-a2b90ea elementor-widget elementor-widget-heading\" data-id=\"a2b90ea\" data-element_type=\"widget\" data-widget_type=\"heading.default\">\n\t\t\t\t<div class=\"elementor-widget-container\">\n\t\t\t\t\t<span class=\"elementor-heading-title elementor-size-default\"><a href=\"https:\/\/ariapolymer.co\/products\">.&nbsp;Ba\u011flay\u0131c\u0131 Ajan\n<\/a><\/span>\t\t\t\t<\/div>\n\t\t\t\t<\/div>\n\t\t\t\t<\/div>\n\t\t<div class=\"elementor-element elementor-element-bd143c1 e-flex e-con-boxed e-con e-parent\" data-id=\"bd143c1\" data-element_type=\"container\">\n\t\t\t\t\t<div class=\"e-con-inner\">\n\t\t\t\t<div class=\"elementor-element elementor-element-74f10a7 elementor-widget elementor-widget-image\" data-id=\"74f10a7\" data-element_type=\"widget\" data-widget_type=\"image.default\">\n\t\t\t\t<div class=\"elementor-widget-container\">\n\t\t\t\t\t\t\t\t\t\t\t\t\t\t\t<img fetchpriority=\"high\" decoding=\"async\" width=\"1200\" height=\"400\" src=\"https:\/\/ariapolymer.co\/tr\/wp-content\/uploads\/2025\/04\/AriaPolymer_couplingAgent.jpg\" class=\"attachment-full size-full wp-image-379\" alt=\"coupling agent\" srcset=\"https:\/\/ariapolymer.co\/tr\/wp-content\/uploads\/2025\/04\/AriaPolymer_couplingAgent.jpg 1200w, https:\/\/ariapolymer.co\/tr\/wp-content\/uploads\/2025\/04\/AriaPolymer_couplingAgent-300x100.jpg 300w, https:\/\/ariapolymer.co\/tr\/wp-content\/uploads\/2025\/04\/AriaPolymer_couplingAgent-1024x341.jpg 1024w, https:\/\/ariapolymer.co\/tr\/wp-content\/uploads\/2025\/04\/AriaPolymer_couplingAgent-768x256.jpg 768w\" sizes=\"(max-width: 1200px) 100vw, 1200px\" \/>\t\t\t\t\t\t\t\t\t\t\t\t\t\t\t<\/div>\n\t\t\t\t<\/div>\n\t\t\t\t<div class=\"elementor-element elementor-element-80973bf elementor-widget elementor-widget-heading\" data-id=\"80973bf\" data-element_type=\"widget\" data-widget_type=\"heading.default\">\n\t\t\t\t<div class=\"elementor-widget-container\">\n\t\t\t\t\t<h1 class=\"elementor-heading-title elementor-size-default\">Ba\u011flay\u0131c\u0131 Ajan<\/h1>\t\t\t\t<\/div>\n\t\t\t\t<\/div>\n\t\t\t\t<div class=\"elementor-element elementor-element-5cc8018 elementor-widget elementor-widget-text-editor\" data-id=\"5cc8018\" data-element_type=\"widget\" data-widget_type=\"text-editor.default\">\n\t\t\t\t<div class=\"elementor-widget-container\">\n\t\t\t\t\t\t\t\t\t<p data-start=\"45\" data-end=\"348\">Uyumlula\u015ft\u0131r\u0131c\u0131 (compatibilizer), iki farkl\u0131 polimerin \u00f6zelliklerinin ayn\u0131 anda kullan\u0131labilmesini sa\u011flayan bir maddedir. Bu malzemeler, normalde birbiriyle uyumsuz olan iki polimeri birbirine ba\u011flayan bir k\u00f6pr\u00fc gibi g\u00f6rev yapar. Uyumlula\u015ft\u0131r\u0131c\u0131 kullan\u0131lmad\u0131\u011f\u0131nda, bu polimerler d\u00fczg\u00fcn \u015fekilde kar\u0131\u015fmaz.<\/p><p data-start=\"350\" data-end=\"414\">Uyumlula\u015ft\u0131r\u0131c\u0131lar\u0131n kullan\u0131lmas\u0131n\u0131n temel ama\u00e7lar\u0131 \u015funlard\u0131r: Polimerlerin fiziksel ve mekanik \u00f6zelliklerini iyile\u015ftirmek, Renklenebilirliklerini art\u0131rmak, Termal \u00f6zelliklerini geli\u015ftirmektir.<\/p>\t\t\t\t\t\t\t\t<\/div>\n\t\t\t\t<\/div>\n\t\t\t\t<div class=\"elementor-element elementor-element-d83d327 elementor-widget elementor-widget-heading\" data-id=\"d83d327\" data-element_type=\"widget\" data-widget_type=\"heading.default\">\n\t\t\t\t<div class=\"elementor-widget-container\">\n\t\t\t\t\t<h2 class=\"elementor-heading-title elementor-size-default\">Aria Polymer'in Masterbatch \u00dcr\u00fcnleri<\/h2>\t\t\t\t<\/div>\n\t\t\t\t<\/div>\n\t\t\t\t<div class=\"elementor-element elementor-element-b0df9a2 elementor-widget elementor-widget-text-editor\" data-id=\"b0df9a2\" data-element_type=\"widget\" data-widget_type=\"text-editor.default\">\n\t\t\t\t<div class=\"elementor-widget-container\">\n\t\t\t\t\t\t\t\t\t<p>Aria Polymer, PS-g-MA ve PE-g-MA dahil olmak \u00fczere geni\u015f bir uyumla\u015ft\u0131r\u0131c\u0131 (compatibilizer) \u00fcr\u00fcn yelpazesi \u00fcretmektedir. Uyumla\u015ft\u0131r\u0131c\u0131 ajanlar\u0131m\u0131z\u0131 a\u015fa\u011f\u0131daki listeden inceleyebilirsiniz. Her bir \u00fcr\u00fcn hakk\u0131nda detayl\u0131 bilgi almak i\u00e7in l\u00fctfen ilgili \u00f6\u011feye t\u0131klay\u0131n:<\/p>\t\t\t\t\t\t\t\t<\/div>\n\t\t\t\t<\/div>\n\t\t\t\t<div class=\"elementor-element elementor-element-baee188 elementor-widget elementor-widget-jet-listing-grid\" data-id=\"baee188\" data-element_type=\"widget\" data-settings=\"{&quot;columns&quot;:&quot;4&quot;,&quot;columns_tablet&quot;:&quot;3&quot;,&quot;columns_mobile&quot;:&quot;1&quot;}\" data-widget_type=\"jet-listing-grid.default\">\n\t\t\t\t<div class=\"elementor-widget-container\">\n\t\t\t\t\t<div class=\"jet-listing-grid jet-listing\"><div class=\"jet-listing-grid__items grid-col-desk-4 grid-col-tablet-3 grid-col-mobile-1 jet-listing-grid--154\" data-queried-id=\"356|WP_Post\" data-nav=\"{&quot;enabled&quot;:false,&quot;type&quot;:null,&quot;more_el&quot;:null,&quot;query&quot;:[],&quot;widget_settings&quot;:{&quot;lisitng_id&quot;:154,&quot;posts_num&quot;:10,&quot;columns&quot;:4,&quot;columns_tablet&quot;:3,&quot;columns_mobile&quot;:1,&quot;column_min_width&quot;:240,&quot;column_min_width_tablet&quot;:240,&quot;column_min_width_mobile&quot;:240,&quot;inline_columns_css&quot;:false,&quot;is_archive_template&quot;:&quot;&quot;,&quot;post_status&quot;:[&quot;publish&quot;],&quot;use_random_posts_num&quot;:&quot;&quot;,&quot;max_posts_num&quot;:9,&quot;not_found_message&quot;:&quot;No data was found&quot;,&quot;is_masonry&quot;:false,&quot;equal_columns_height&quot;:&quot;&quot;,&quot;use_load_more&quot;:&quot;&quot;,&quot;load_more_id&quot;:&quot;&quot;,&quot;load_more_type&quot;:&quot;click&quot;,&quot;load_more_offset&quot;:{&quot;unit&quot;:&quot;px&quot;,&quot;size&quot;:0,&quot;sizes&quot;:[]},&quot;use_custom_post_types&quot;:&quot;&quot;,&quot;custom_post_types&quot;:[],&quot;hide_widget_if&quot;:&quot;&quot;,&quot;carousel_enabled&quot;:&quot;&quot;,&quot;slides_to_scroll&quot;:&quot;1&quot;,&quot;arrows&quot;:&quot;true&quot;,&quot;arrow_icon&quot;:&quot;fa fa-angle-left&quot;,&quot;dots&quot;:&quot;&quot;,&quot;autoplay&quot;:&quot;true&quot;,&quot;pause_on_hover&quot;:&quot;true&quot;,&quot;autoplay_speed&quot;:5000,&quot;infinite&quot;:&quot;true&quot;,&quot;center_mode&quot;:&quot;&quot;,&quot;effect&quot;:&quot;slide&quot;,&quot;speed&quot;:500,&quot;inject_alternative_items&quot;:&quot;&quot;,&quot;injection_items&quot;:[],&quot;scroll_slider_enabled&quot;:&quot;&quot;,&quot;scroll_slider_on&quot;:[&quot;desktop&quot;,&quot;tablet&quot;,&quot;mobile&quot;],&quot;custom_query&quot;:false,&quot;custom_query_id&quot;:&quot;&quot;,&quot;_element_id&quot;:&quot;&quot;,&quot;collapse_first_last_gap&quot;:false,&quot;list_tag_selection&quot;:&quot;&quot;,&quot;list_items_wrapper_tag&quot;:&quot;div&quot;,&quot;list_item_tag&quot;:&quot;div&quot;,&quot;empty_items_wrapper_tag&quot;:&quot;div&quot;}}\" data-page=\"1\" data-pages=\"1\" data-listing-source=\"posts\" data-listing-id=\"154\" data-query-id=\"\"><div class=\"jet-listing-grid__item jet-listing-dynamic-post-353\" data-post-id=\"353\" >\t\t<div data-elementor-type=\"jet-listing-items\" data-elementor-id=\"154\" class=\"elementor elementor-154\" data-elementor-post-type=\"jet-engine\">\n\t\t\t\t<a class=\"elementor-element elementor-element-77e62ca e-con-full e-flex e-con e-parent\" data-id=\"77e62ca\" data-element_type=\"container\" href=\"https:\/\/ariapolymer.co\/tr\/product\/tpe-grafted-maleic-anhydride\/\">\n\t\t<div class=\"elementor-element elementor-element-11e8de1 e-con-full e-flex e-con e-child\" data-id=\"11e8de1\" data-element_type=\"container\" data-settings=\"{&quot;background_background&quot;:&quot;classic&quot;}\">\n\t\t\t\t<div class=\"elementor-element elementor-element-e50567e elementor-widget elementor-widget-jet-listing-dynamic-field\" data-id=\"e50567e\" data-element_type=\"widget\" data-widget_type=\"jet-listing-dynamic-field.default\">\n\t\t\t\t<div class=\"elementor-widget-container\">\n\t\t\t\t\t<div class=\"jet-listing jet-listing-dynamic-field display-inline\"><div class=\"jet-listing-dynamic-field__inline-wrap\"><span class=\"jet-listing-dynamic-field__content\">TPE \u00dczerine Graftlanm\u0131\u015f Maleik Anhidrit<\/span><\/div><\/div>\t\t\t\t<\/div>\n\t\t\t\t<\/div>\n\t\t\t\t<div class=\"elementor-element elementor-element-d76ca33 elementor-widget elementor-widget-jet-listing-dynamic-field\" data-id=\"d76ca33\" data-element_type=\"widget\" data-widget_type=\"jet-listing-dynamic-field.default\">\n\t\t\t\t<div class=\"elementor-widget-container\">\n\t\t\t\t\t<div class=\"jet-listing jet-listing-dynamic-field display-inline\"><div class=\"jet-listing-dynamic-field__inline-wrap\"><span class=\"jet-listing-dynamic-field__content\">Ba\u011flay\u0131c\u0131 Ajan<\/span><\/div><\/div>\t\t\t\t<\/div>\n\t\t\t\t<\/div>\n\t\t\t\t<\/div>\n\t\t\t\t<div class=\"elementor-element elementor-element-8770fc8 elementor-widget elementor-widget-jet-listing-dynamic-image\" data-id=\"8770fc8\" data-element_type=\"widget\" data-widget_type=\"jet-listing-dynamic-image.default\">\n\t\t\t\t<div class=\"elementor-widget-container\">\n\t\t\t\t\t<div class=\"jet-listing jet-listing-dynamic-image\" ><img decoding=\"async\" width=\"350\" height=\"500\" src=\"https:\/\/ariapolymer.co\/tr\/wp-content\/uploads\/2025\/04\/AriaPolymer_TPECouplingAgent_1.jpg\" class=\"jet-listing-dynamic-image__img attachment-full size-full\" alt=\"TPE Grafted Maleic Anhydride\" srcset=\"https:\/\/ariapolymer.co\/tr\/wp-content\/uploads\/2025\/04\/AriaPolymer_TPECouplingAgent_1.jpg 350w, https:\/\/ariapolymer.co\/tr\/wp-content\/uploads\/2025\/04\/AriaPolymer_TPECouplingAgent_1-210x300.jpg 210w\" sizes=\"(max-width: 350px) 100vw, 350px\" loading=\"eager\" \/><\/div>\t\t\t\t<\/div>\n\t\t\t\t<\/div>\n\t\t\t\t<\/a>\n\t\t\t\t<\/div>\n\t\t<\/div><div class=\"jet-listing-grid__item jet-listing-dynamic-post-348\" data-post-id=\"348\" >\t\t<div data-elementor-type=\"jet-listing-items\" data-elementor-id=\"154\" class=\"elementor elementor-154\" data-elementor-post-type=\"jet-engine\">\n\t\t\t\t<a class=\"elementor-element elementor-element-77e62ca e-con-full e-flex e-con e-parent\" data-id=\"77e62ca\" data-element_type=\"container\" href=\"https:\/\/ariapolymer.co\/tr\/product\/pp-grafted-maleic-anhydride\/\">\n\t\t<div class=\"elementor-element elementor-element-11e8de1 e-con-full e-flex e-con e-child\" data-id=\"11e8de1\" data-element_type=\"container\" data-settings=\"{&quot;background_background&quot;:&quot;classic&quot;}\">\n\t\t\t\t<div class=\"elementor-element elementor-element-e50567e elementor-widget elementor-widget-jet-listing-dynamic-field\" data-id=\"e50567e\" data-element_type=\"widget\" data-widget_type=\"jet-listing-dynamic-field.default\">\n\t\t\t\t<div class=\"elementor-widget-container\">\n\t\t\t\t\t<div class=\"jet-listing jet-listing-dynamic-field display-inline\"><div class=\"jet-listing-dynamic-field__inline-wrap\"><span class=\"jet-listing-dynamic-field__content\">PP Graftlanm\u0131\u015f MA<\/span><\/div><\/div>\t\t\t\t<\/div>\n\t\t\t\t<\/div>\n\t\t\t\t<div class=\"elementor-element elementor-element-d76ca33 elementor-widget elementor-widget-jet-listing-dynamic-field\" data-id=\"d76ca33\" data-element_type=\"widget\" data-widget_type=\"jet-listing-dynamic-field.default\">\n\t\t\t\t<div class=\"elementor-widget-container\">\n\t\t\t\t\t<div class=\"jet-listing jet-listing-dynamic-field display-inline\"><div class=\"jet-listing-dynamic-field__inline-wrap\"><span class=\"jet-listing-dynamic-field__content\">Coupling Agent<\/span><\/div><\/div>\t\t\t\t<\/div>\n\t\t\t\t<\/div>\n\t\t\t\t<\/div>\n\t\t\t\t<div class=\"elementor-element elementor-element-8770fc8 elementor-widget elementor-widget-jet-listing-dynamic-image\" data-id=\"8770fc8\" data-element_type=\"widget\" data-widget_type=\"jet-listing-dynamic-image.default\">\n\t\t\t\t<div class=\"elementor-widget-container\">\n\t\t\t\t\t<div class=\"jet-listing jet-listing-dynamic-image\" ><img decoding=\"async\" width=\"350\" height=\"500\" src=\"https:\/\/ariapolymer.co\/tr\/wp-content\/uploads\/2025\/04\/AriaPolymer_PPCouplingAgent_1.jpg\" class=\"jet-listing-dynamic-image__img attachment-full size-full\" alt=\"PP Grafted Maleic Anhydride\" srcset=\"https:\/\/ariapolymer.co\/tr\/wp-content\/uploads\/2025\/04\/AriaPolymer_PPCouplingAgent_1.jpg 350w, https:\/\/ariapolymer.co\/tr\/wp-content\/uploads\/2025\/04\/AriaPolymer_PPCouplingAgent_1-210x300.jpg 210w\" sizes=\"(max-width: 350px) 100vw, 350px\" loading=\"eager\" \/><\/div>\t\t\t\t<\/div>\n\t\t\t\t<\/div>\n\t\t\t\t<\/a>\n\t\t\t\t<\/div>\n\t\t<\/div><div class=\"jet-listing-grid__item jet-listing-dynamic-post-295\" data-post-id=\"295\" >\t\t<div data-elementor-type=\"jet-listing-items\" data-elementor-id=\"154\" class=\"elementor elementor-154\" data-elementor-post-type=\"jet-engine\">\n\t\t\t\t<a class=\"elementor-element elementor-element-77e62ca e-con-full e-flex e-con e-parent\" data-id=\"77e62ca\" data-element_type=\"container\" href=\"https:\/\/ariapolymer.co\/tr\/product\/pe-grafted-maleic-anhydride\/\">\n\t\t<div class=\"elementor-element elementor-element-11e8de1 e-con-full e-flex e-con e-child\" data-id=\"11e8de1\" data-element_type=\"container\" data-settings=\"{&quot;background_background&quot;:&quot;classic&quot;}\">\n\t\t\t\t<div class=\"elementor-element elementor-element-e50567e elementor-widget elementor-widget-jet-listing-dynamic-field\" data-id=\"e50567e\" data-element_type=\"widget\" data-widget_type=\"jet-listing-dynamic-field.default\">\n\t\t\t\t<div class=\"elementor-widget-container\">\n\t\t\t\t\t<div class=\"jet-listing jet-listing-dynamic-field display-inline\"><div class=\"jet-listing-dynamic-field__inline-wrap\"><span class=\"jet-listing-dynamic-field__content\">PE Graftlanm\u0131\u015f MA<\/span><\/div><\/div>\t\t\t\t<\/div>\n\t\t\t\t<\/div>\n\t\t\t\t<div class=\"elementor-element elementor-element-d76ca33 elementor-widget elementor-widget-jet-listing-dynamic-field\" data-id=\"d76ca33\" data-element_type=\"widget\" data-widget_type=\"jet-listing-dynamic-field.default\">\n\t\t\t\t<div class=\"elementor-widget-container\">\n\t\t\t\t\t<div class=\"jet-listing jet-listing-dynamic-field display-inline\"><div class=\"jet-listing-dynamic-field__inline-wrap\"><span class=\"jet-listing-dynamic-field__content\">Ba\u011flay\u0131c\u0131 Ajan<\/span><\/div><\/div>\t\t\t\t<\/div>\n\t\t\t\t<\/div>\n\t\t\t\t<\/div>\n\t\t\t\t<div class=\"elementor-element elementor-element-8770fc8 elementor-widget elementor-widget-jet-listing-dynamic-image\" data-id=\"8770fc8\" data-element_type=\"widget\" data-widget_type=\"jet-listing-dynamic-image.default\">\n\t\t\t\t<div class=\"elementor-widget-container\">\n\t\t\t\t\t<div class=\"jet-listing jet-listing-dynamic-image\" ><img decoding=\"async\" width=\"350\" height=\"500\" src=\"https:\/\/ariapolymer.co\/tr\/wp-content\/uploads\/2025\/04\/AriaPolymer_PECouplingAgent_1.jpg\" class=\"jet-listing-dynamic-image__img attachment-full size-full\" alt=\"PE Grafted Maleic Anhydride\" srcset=\"https:\/\/ariapolymer.co\/tr\/wp-content\/uploads\/2025\/04\/AriaPolymer_PECouplingAgent_1.jpg 350w, https:\/\/ariapolymer.co\/tr\/wp-content\/uploads\/2025\/04\/AriaPolymer_PECouplingAgent_1-210x300.jpg 210w\" sizes=\"(max-width: 350px) 100vw, 350px\" loading=\"eager\" \/><\/div>\t\t\t\t<\/div>\n\t\t\t\t<\/div>\n\t\t\t\t<\/a>\n\t\t\t\t<\/div>\n\t\t<\/div><div class=\"jet-listing-grid__item jet-listing-dynamic-post-274\" data-post-id=\"274\" >\t\t<div data-elementor-type=\"jet-listing-items\" data-elementor-id=\"154\" class=\"elementor elementor-154\" data-elementor-post-type=\"jet-engine\">\n\t\t\t\t<a class=\"elementor-element elementor-element-77e62ca e-con-full e-flex e-con e-parent\" data-id=\"77e62ca\" data-element_type=\"container\" href=\"https:\/\/ariapolymer.co\/tr\/product\/abs-grafted-maleic-anhydride\/\">\n\t\t<div class=\"elementor-element elementor-element-11e8de1 e-con-full e-flex e-con e-child\" data-id=\"11e8de1\" data-element_type=\"container\" data-settings=\"{&quot;background_background&quot;:&quot;classic&quot;}\">\n\t\t\t\t<div class=\"elementor-element elementor-element-e50567e elementor-widget elementor-widget-jet-listing-dynamic-field\" data-id=\"e50567e\" data-element_type=\"widget\" data-widget_type=\"jet-listing-dynamic-field.default\">\n\t\t\t\t<div class=\"elementor-widget-container\">\n\t\t\t\t\t<div class=\"jet-listing jet-listing-dynamic-field display-inline\"><div class=\"jet-listing-dynamic-field__inline-wrap\"><span class=\"jet-listing-dynamic-field__content\">ABS Graftlanm\u0131\u015f MA<\/span><\/div><\/div>\t\t\t\t<\/div>\n\t\t\t\t<\/div>\n\t\t\t\t<div class=\"elementor-element elementor-element-d76ca33 elementor-widget elementor-widget-jet-listing-dynamic-field\" data-id=\"d76ca33\" data-element_type=\"widget\" data-widget_type=\"jet-listing-dynamic-field.default\">\n\t\t\t\t<div class=\"elementor-widget-container\">\n\t\t\t\t\t<div class=\"jet-listing jet-listing-dynamic-field display-inline\"><div class=\"jet-listing-dynamic-field__inline-wrap\"><span class=\"jet-listing-dynamic-field__content\">Ba\u011flay\u0131c\u0131 Ajan<\/span><\/div><\/div>\t\t\t\t<\/div>\n\t\t\t\t<\/div>\n\t\t\t\t<\/div>\n\t\t\t\t<div class=\"elementor-element elementor-element-8770fc8 elementor-widget elementor-widget-jet-listing-dynamic-image\" data-id=\"8770fc8\" data-element_type=\"widget\" data-widget_type=\"jet-listing-dynamic-image.default\">\n\t\t\t\t<div class=\"elementor-widget-container\">\n\t\t\t\t\t<div class=\"jet-listing jet-listing-dynamic-image\" ><img decoding=\"async\" width=\"350\" height=\"500\" src=\"https:\/\/ariapolymer.co\/tr\/wp-content\/uploads\/2025\/04\/AriaPolymer_absCouplingAgent_1.jpg\" class=\"jet-listing-dynamic-image__img attachment-full size-full\" alt=\"ABS Grafted Maleic Anhydride\" srcset=\"https:\/\/ariapolymer.co\/tr\/wp-content\/uploads\/2025\/04\/AriaPolymer_absCouplingAgent_1.jpg 350w, https:\/\/ariapolymer.co\/tr\/wp-content\/uploads\/2025\/04\/AriaPolymer_absCouplingAgent_1-210x300.jpg 210w\" sizes=\"(max-width: 350px) 100vw, 350px\" loading=\"eager\" \/><\/div>\t\t\t\t<\/div>\n\t\t\t\t<\/div>\n\t\t\t\t<\/a>\n\t\t\t\t<\/div>\n\t\t<\/div><div class=\"jet-listing-grid__item jet-listing-dynamic-post-223\" data-post-id=\"223\" >\t\t<div data-elementor-type=\"jet-listing-items\" data-elementor-id=\"154\" class=\"elementor elementor-154\" data-elementor-post-type=\"jet-engine\">\n\t\t\t\t<a class=\"elementor-element elementor-element-77e62ca e-con-full e-flex e-con e-parent\" data-id=\"77e62ca\" data-element_type=\"container\" href=\"https:\/\/ariapolymer.co\/tr\/product\/ps-grafted-maleic-anhydride\/\">\n\t\t<div class=\"elementor-element elementor-element-11e8de1 e-con-full e-flex e-con e-child\" data-id=\"11e8de1\" data-element_type=\"container\" data-settings=\"{&quot;background_background&quot;:&quot;classic&quot;}\">\n\t\t\t\t<div class=\"elementor-element elementor-element-e50567e elementor-widget elementor-widget-jet-listing-dynamic-field\" data-id=\"e50567e\" data-element_type=\"widget\" data-widget_type=\"jet-listing-dynamic-field.default\">\n\t\t\t\t<div class=\"elementor-widget-container\">\n\t\t\t\t\t<div class=\"jet-listing jet-listing-dynamic-field display-inline\"><div class=\"jet-listing-dynamic-field__inline-wrap\"><span class=\"jet-listing-dynamic-field__content\">PS Graftlanm\u0131\u015f MA<\/span><\/div><\/div>\t\t\t\t<\/div>\n\t\t\t\t<\/div>\n\t\t\t\t<div class=\"elementor-element elementor-element-d76ca33 elementor-widget elementor-widget-jet-listing-dynamic-field\" data-id=\"d76ca33\" data-element_type=\"widget\" data-widget_type=\"jet-listing-dynamic-field.default\">\n\t\t\t\t<div class=\"elementor-widget-container\">\n\t\t\t\t\t<div class=\"jet-listing jet-listing-dynamic-field display-inline\"><div class=\"jet-listing-dynamic-field__inline-wrap\"><span class=\"jet-listing-dynamic-field__content\">Ba\u011flay\u0131c\u0131 Ajan<\/span><\/div><\/div>\t\t\t\t<\/div>\n\t\t\t\t<\/div>\n\t\t\t\t<\/div>\n\t\t\t\t<div class=\"elementor-element elementor-element-8770fc8 elementor-widget elementor-widget-jet-listing-dynamic-image\" data-id=\"8770fc8\" data-element_type=\"widget\" data-widget_type=\"jet-listing-dynamic-image.default\">\n\t\t\t\t<div class=\"elementor-widget-container\">\n\t\t\t\t\t<div class=\"jet-listing jet-listing-dynamic-image\" ><img decoding=\"async\" width=\"350\" height=\"500\" src=\"https:\/\/ariapolymer.co\/tr\/wp-content\/uploads\/2025\/04\/AriaPolymer_psCouplingAgent_1.jpg\" class=\"jet-listing-dynamic-image__img attachment-full size-full\" alt=\"PS Grafted Maleic Anhydride\" srcset=\"https:\/\/ariapolymer.co\/tr\/wp-content\/uploads\/2025\/04\/AriaPolymer_psCouplingAgent_1.jpg 350w, https:\/\/ariapolymer.co\/tr\/wp-content\/uploads\/2025\/04\/AriaPolymer_psCouplingAgent_1-210x300.jpg 210w\" sizes=\"(max-width: 350px) 100vw, 350px\" loading=\"eager\" \/><\/div>\t\t\t\t<\/div>\n\t\t\t\t<\/div>\n\t\t\t\t<\/a>\n\t\t\t\t<\/div>\n\t\t<\/div><\/div><\/div>\t\t\t\t<\/div>\n\t\t\t\t<\/div>\n\t\t\t\t\t<\/div>\n\t\t\t\t<\/div>\n\t\t\t\t<\/div>\n\t\t","protected":false},"excerpt":{"rendered":"<p>Buradas\u0131n\u0131z:&nbsp; Ana Sayfa . &nbsp;\u00dcr\u00fcnler .&nbsp;Ba\u011flay\u0131c\u0131 Ajan Ba\u011flay\u0131c\u0131 Ajan Uyumlula\u015ft\u0131r\u0131c\u0131 (compatibilizer), iki farkl\u0131 polimerin \u00f6zelliklerinin ayn\u0131 anda kullan\u0131labilmesini sa\u011flayan bir maddedir. Bu malzemeler, normalde birbiriyle uyumsuz olan iki polimeri birbirine ba\u011flayan bir k\u00f6pr\u00fc gibi g\u00f6rev yapar. Uyumlula\u015ft\u0131r\u0131c\u0131 kullan\u0131lmad\u0131\u011f\u0131nda, bu polimerler d\u00fczg\u00fcn \u015fekilde kar\u0131\u015fmaz. Uyumlula\u015ft\u0131r\u0131c\u0131lar\u0131n kullan\u0131lmas\u0131n\u0131n temel ama\u00e7lar\u0131 \u015funlard\u0131r: Polimerlerin fiziksel ve mekanik \u00f6zelliklerini iyile\u015ftirmek, Renklenebilirliklerini [&hellip;]<\/p>\n","protected":false},"author":1,"featured_media":0,"parent":0,"menu_order":0,"comment_status":"closed","ping_status":"closed","template":"elementor_header_footer","meta":{"footnotes":""},"class_list":["post-356","page","type-page","status-publish","hentry"],"_links":{"self":[{"href":"https:\/\/ariapolymer.co\/tr\/wp-json\/wp\/v2\/pages\/356","targetHints":{"allow":["GET"]}}],"collection":[{"href":"https:\/\/ariapolymer.co\/tr\/wp-json\/wp\/v2\/pages"}],"about":[{"href":"https:\/\/ariapolymer.co\/tr\/wp-json\/wp\/v2\/types\/page"}],"author":[{"embeddable":true,"href":"https:\/\/ariapolymer.co\/tr\/wp-json\/wp\/v2\/users\/1"}],"replies":[{"embeddable":true,"href":"https:\/\/ariapolymer.co\/tr\/wp-json\/wp\/v2\/comments?post=356"}],"version-history":[{"count":32,"href":"https:\/\/ariapolymer.co\/tr\/wp-json\/wp\/v2\/pages\/356\/revisions"}],"predecessor-version":[{"id":1011,"href":"https:\/\/ariapolymer.co\/tr\/wp-json\/wp\/v2\/pages\/356\/revisions\/1011"}],"wp:attachment":[{"href":"https:\/\/ariapolymer.co\/tr\/wp-json\/wp\/v2\/media?parent=356"}],"curies":[{"name":"wp","href":"https:\/\/api.w.org\/{rel}","templated":true}]}}