{"id":405,"date":"2025-05-01T06:51:22","date_gmt":"2025-05-01T06:51:22","guid":{"rendered":"https:\/\/ariapolymer.co\/tr\/?page_id=405"},"modified":"2025-07-22T12:49:22","modified_gmt":"2025-07-22T12:49:22","slug":"tie-layer-adhesive","status":"publish","type":"page","link":"https:\/\/ariapolymer.co\/tr\/tie-layer-adhesive\/","title":{"rendered":"Ba\u011flay\u0131c\u0131 Katman Yap\u0131\u015ft\u0131r\u0131c\u0131s\u0131"},"content":{"rendered":"\t\t<div data-elementor-type=\"wp-page\" data-elementor-id=\"405\" class=\"elementor elementor-405\" data-elementor-post-type=\"page\">\n\t\t\t\t<div class=\"elementor-element elementor-element-3b94296 e-con-full e-flex e-con e-parent\" data-id=\"3b94296\" data-element_type=\"container\" data-settings=\"{&quot;background_background&quot;:&quot;classic&quot;}\">\n\t\t\t\t<div class=\"elementor-element elementor-element-c5ae4b9 elementor-widget elementor-widget-heading\" data-id=\"c5ae4b9\" data-element_type=\"widget\" data-widget_type=\"heading.default\">\n\t\t\t\t<div class=\"elementor-widget-container\">\n\t\t\t\t\t<span class=\"elementor-heading-title elementor-size-default\">Buradas\u0131n\u0131z:&nbsp;<\/span>\t\t\t\t<\/div>\n\t\t\t\t<\/div>\n\t\t\t\t<div class=\"elementor-element elementor-element-6978572 elementor-widget elementor-widget-heading\" data-id=\"6978572\" data-element_type=\"widget\" data-widget_type=\"heading.default\">\n\t\t\t\t<div class=\"elementor-widget-container\">\n\t\t\t\t\t<span class=\"elementor-heading-title elementor-size-default\"><a href=\"https:\/\/ariapolymer.co\/tr\">Ana Sayfa<\/a><\/span>\t\t\t\t<\/div>\n\t\t\t\t<\/div>\n\t\t\t\t<div class=\"elementor-element elementor-element-ace9120 elementor-widget elementor-widget-heading\" data-id=\"ace9120\" data-element_type=\"widget\" data-widget_type=\"heading.default\">\n\t\t\t\t<div class=\"elementor-widget-container\">\n\t\t\t\t\t<span class=\"elementor-heading-title elementor-size-default\"><a href=\"https:\/\/ariapolymer.co\/temp\/\">.<\/a><\/span>\t\t\t\t<\/div>\n\t\t\t\t<\/div>\n\t\t\t\t<div class=\"elementor-element elementor-element-b23b64e elementor-widget elementor-widget-heading\" data-id=\"b23b64e\" data-element_type=\"widget\" data-widget_type=\"heading.default\">\n\t\t\t\t<div class=\"elementor-widget-container\">\n\t\t\t\t\t<span class=\"elementor-heading-title elementor-size-default\"><a href=\"https:\/\/ariapolymer.co\/tr\/products\">\u00dcr\u00fcnler<\/a><\/span>\t\t\t\t<\/div>\n\t\t\t\t<\/div>\n\t\t\t\t<div class=\"elementor-element elementor-element-3da9782 elementor-widget elementor-widget-heading\" data-id=\"3da9782\" data-element_type=\"widget\" data-widget_type=\"heading.default\">\n\t\t\t\t<div class=\"elementor-widget-container\">\n\t\t\t\t\t<span class=\"elementor-heading-title elementor-size-default\">.Ba\u011flay\u0131c\u0131 Katman Yap\u0131\u015ft\u0131r\u0131c\u0131s\u0131<\/span>\t\t\t\t<\/div>\n\t\t\t\t<\/div>\n\t\t\t\t<\/div>\n\t\t<div class=\"elementor-element elementor-element-bd143c1 e-flex e-con-boxed e-con e-parent\" data-id=\"bd143c1\" data-element_type=\"container\">\n\t\t\t\t\t<div class=\"e-con-inner\">\n\t\t\t\t<div class=\"elementor-element elementor-element-74f10a7 elementor-widget elementor-widget-image\" data-id=\"74f10a7\" data-element_type=\"widget\" data-widget_type=\"image.default\">\n\t\t\t\t<div class=\"elementor-widget-container\">\n\t\t\t\t\t\t\t\t\t\t\t\t\t\t\t<img fetchpriority=\"high\" decoding=\"async\" width=\"1200\" height=\"400\" src=\"https:\/\/ariapolymer.co\/tr\/wp-content\/uploads\/2025\/05\/AriaPolymer_tieLayerAdhesive.jpg\" class=\"attachment-full size-full wp-image-407\" alt=\"Tile Layer Adhesive\" srcset=\"https:\/\/ariapolymer.co\/tr\/wp-content\/uploads\/2025\/05\/AriaPolymer_tieLayerAdhesive.jpg 1200w, https:\/\/ariapolymer.co\/tr\/wp-content\/uploads\/2025\/05\/AriaPolymer_tieLayerAdhesive-300x100.jpg 300w, https:\/\/ariapolymer.co\/tr\/wp-content\/uploads\/2025\/05\/AriaPolymer_tieLayerAdhesive-1024x341.jpg 1024w, https:\/\/ariapolymer.co\/tr\/wp-content\/uploads\/2025\/05\/AriaPolymer_tieLayerAdhesive-768x256.jpg 768w\" sizes=\"(max-width: 1200px) 100vw, 1200px\" \/>\t\t\t\t\t\t\t\t\t\t\t\t\t\t\t<\/div>\n\t\t\t\t<\/div>\n\t\t\t\t<div class=\"elementor-element elementor-element-80973bf elementor-widget elementor-widget-heading\" data-id=\"80973bf\" data-element_type=\"widget\" data-widget_type=\"heading.default\">\n\t\t\t\t<div class=\"elementor-widget-container\">\n\t\t\t\t\t<h1 class=\"elementor-heading-title elementor-size-default\">Ba\u011flay\u0131c\u0131 Katman Yap\u0131\u015ft\u0131r\u0131c\u0131s\u0131<\/h1>\t\t\t\t<\/div>\n\t\t\t\t<\/div>\n\t\t\t\t<div class=\"elementor-element elementor-element-5cc8018 elementor-widget elementor-widget-text-editor\" data-id=\"5cc8018\" data-element_type=\"widget\" data-widget_type=\"text-editor.default\">\n\t\t\t\t<div class=\"elementor-widget-container\">\n\t\t\t\t\t\t\t\t\t<p>Ba\u011flay\u0131c\u0131 Katman Yap\u0131\u015ft\u0131r\u0131c\u0131s\u0131, iki farkl\u0131 malzemeyi birbirine ba\u011flamak i\u00e7in kullan\u0131lan \u00f6zel bir yap\u0131\u015ft\u0131r\u0131c\u0131d\u0131r. Genellikle bir taraf polietilen (PE) gibi bir polimer i\u00e7erirken, di\u011fer taraf farkl\u0131 bir malzeme olabilir. Bu yap\u0131\u015ft\u0131r\u0131c\u0131, boru \u00fcretimi, film ve ambalaj ile otomotiv bile\u015fenlerinin imalat\u0131 gibi alanlarda yayg\u0131n olarak kullan\u0131lmaktad\u0131r.<\/p>\t\t\t\t\t\t\t\t<\/div>\n\t\t\t\t<\/div>\n\t\t\t\t<div class=\"elementor-element elementor-element-d83d327 elementor-widget elementor-widget-heading\" data-id=\"d83d327\" data-element_type=\"widget\" data-widget_type=\"heading.default\">\n\t\t\t\t<div class=\"elementor-widget-container\">\n\t\t\t\t\t<h2 class=\"elementor-heading-title elementor-size-default\">Aria Polymer\u2019in Yap\u0131\u015ft\u0131r\u0131c\u0131lar\u0131<\/h2>\t\t\t\t<\/div>\n\t\t\t\t<\/div>\n\t\t\t\t<div class=\"elementor-element elementor-element-b0df9a2 elementor-widget elementor-widget-text-editor\" data-id=\"b0df9a2\" data-element_type=\"widget\" data-widget_type=\"text-editor.default\">\n\t\t\t\t<div class=\"elementor-widget-container\">\n\t\t\t\t\t\t\t\t\t<p>Aria Polymer, geni\u015f bir ba\u011flay\u0131c\u0131 katman yap\u0131\u015ft\u0131r\u0131c\u0131lar\u0131 yelpazesi \u00fcretmektedir. Yap\u0131\u015ft\u0131r\u0131c\u0131lar\u0131m\u0131z\u0131 a\u015fa\u011f\u0131daki listeden inceleyebilirsiniz. Her bir yap\u0131\u015ft\u0131r\u0131c\u0131 hakk\u0131nda detayl\u0131 bilgi almak i\u00e7in ilgili \u00fcr\u00fcne t\u0131klay\u0131n\u0131z:<\/p>\t\t\t\t\t\t\t\t<\/div>\n\t\t\t\t<\/div>\n\t\t\t\t<div class=\"elementor-element elementor-element-baee188 elementor-widget elementor-widget-jet-listing-grid\" data-id=\"baee188\" data-element_type=\"widget\" data-settings=\"{&quot;columns&quot;:&quot;3&quot;,&quot;columns_tablet&quot;:&quot;2&quot;,&quot;columns_mobile&quot;:&quot;1&quot;}\" data-widget_type=\"jet-listing-grid.default\">\n\t\t\t\t<div class=\"elementor-widget-container\">\n\t\t\t\t\t<div class=\"jet-listing-grid jet-listing\"><div class=\"jet-listing-grid__items grid-col-desk-3 grid-col-tablet-2 grid-col-mobile-1 jet-listing-grid--154\" data-queried-id=\"405|WP_Post\" data-nav=\"{&quot;enabled&quot;:false,&quot;type&quot;:null,&quot;more_el&quot;:null,&quot;query&quot;:[],&quot;widget_settings&quot;:{&quot;lisitng_id&quot;:154,&quot;posts_num&quot;:10,&quot;columns&quot;:3,&quot;columns_tablet&quot;:2,&quot;columns_mobile&quot;:1,&quot;column_min_width&quot;:240,&quot;column_min_width_tablet&quot;:240,&quot;column_min_width_mobile&quot;:240,&quot;inline_columns_css&quot;:false,&quot;is_archive_template&quot;:&quot;&quot;,&quot;post_status&quot;:[&quot;publish&quot;],&quot;use_random_posts_num&quot;:&quot;&quot;,&quot;max_posts_num&quot;:9,&quot;not_found_message&quot;:&quot;No data was found&quot;,&quot;is_masonry&quot;:false,&quot;equal_columns_height&quot;:&quot;&quot;,&quot;use_load_more&quot;:&quot;&quot;,&quot;load_more_id&quot;:&quot;&quot;,&quot;load_more_type&quot;:&quot;click&quot;,&quot;load_more_offset&quot;:{&quot;unit&quot;:&quot;px&quot;,&quot;size&quot;:0,&quot;sizes&quot;:[]},&quot;use_custom_post_types&quot;:&quot;&quot;,&quot;custom_post_types&quot;:[],&quot;hide_widget_if&quot;:&quot;&quot;,&quot;carousel_enabled&quot;:&quot;&quot;,&quot;slides_to_scroll&quot;:&quot;1&quot;,&quot;arrows&quot;:&quot;true&quot;,&quot;arrow_icon&quot;:&quot;fa fa-angle-left&quot;,&quot;dots&quot;:&quot;&quot;,&quot;autoplay&quot;:&quot;true&quot;,&quot;pause_on_hover&quot;:&quot;true&quot;,&quot;autoplay_speed&quot;:5000,&quot;infinite&quot;:&quot;true&quot;,&quot;center_mode&quot;:&quot;&quot;,&quot;effect&quot;:&quot;slide&quot;,&quot;speed&quot;:500,&quot;inject_alternative_items&quot;:&quot;&quot;,&quot;injection_items&quot;:[],&quot;scroll_slider_enabled&quot;:&quot;&quot;,&quot;scroll_slider_on&quot;:[&quot;desktop&quot;,&quot;tablet&quot;,&quot;mobile&quot;],&quot;custom_query&quot;:false,&quot;custom_query_id&quot;:&quot;&quot;,&quot;_element_id&quot;:&quot;&quot;,&quot;collapse_first_last_gap&quot;:false,&quot;list_tag_selection&quot;:&quot;&quot;,&quot;list_items_wrapper_tag&quot;:&quot;div&quot;,&quot;list_item_tag&quot;:&quot;div&quot;,&quot;empty_items_wrapper_tag&quot;:&quot;div&quot;}}\" data-page=\"1\" data-pages=\"1\" data-listing-source=\"posts\" data-listing-id=\"154\" data-query-id=\"\"><div class=\"jet-listing-grid__item jet-listing-dynamic-post-404\" data-post-id=\"404\" >\t\t<div data-elementor-type=\"jet-listing-items\" data-elementor-id=\"154\" class=\"elementor elementor-154\" data-elementor-post-type=\"jet-engine\">\n\t\t\t\t<a class=\"elementor-element elementor-element-77e62ca e-con-full e-flex e-con e-parent\" data-id=\"77e62ca\" data-element_type=\"container\" href=\"https:\/\/ariapolymer.co\/tr\/product\/five-layer-pipe-coating-adhesive\/\">\n\t\t<div class=\"elementor-element elementor-element-11e8de1 e-con-full e-flex e-con e-child\" data-id=\"11e8de1\" data-element_type=\"container\" data-settings=\"{&quot;background_background&quot;:&quot;classic&quot;}\">\n\t\t\t\t<div class=\"elementor-element elementor-element-e50567e elementor-widget elementor-widget-jet-listing-dynamic-field\" data-id=\"e50567e\" data-element_type=\"widget\" data-widget_type=\"jet-listing-dynamic-field.default\">\n\t\t\t\t<div class=\"elementor-widget-container\">\n\t\t\t\t\t<div class=\"jet-listing jet-listing-dynamic-field display-inline\"><div class=\"jet-listing-dynamic-field__inline-wrap\"><span class=\"jet-listing-dynamic-field__content\">5 Katmanl\u0131 Boru Yap\u0131\u015ft\u0131r\u0131c\u0131s\u0131<\/span><\/div><\/div>\t\t\t\t<\/div>\n\t\t\t\t<\/div>\n\t\t\t\t<div class=\"elementor-element elementor-element-d76ca33 elementor-widget elementor-widget-jet-listing-dynamic-field\" data-id=\"d76ca33\" data-element_type=\"widget\" data-widget_type=\"jet-listing-dynamic-field.default\">\n\t\t\t\t<div class=\"elementor-widget-container\">\n\t\t\t\t\t<div class=\"jet-listing jet-listing-dynamic-field display-inline\"><div class=\"jet-listing-dynamic-field__inline-wrap\"><span class=\"jet-listing-dynamic-field__content\">Ba\u011flay\u0131c\u0131 Katman Yap\u0131\u015ft\u0131r\u0131c\u0131s\u0131<\/span><\/div><\/div>\t\t\t\t<\/div>\n\t\t\t\t<\/div>\n\t\t\t\t<\/div>\n\t\t\t\t<div class=\"elementor-element elementor-element-8770fc8 elementor-widget elementor-widget-jet-listing-dynamic-image\" data-id=\"8770fc8\" data-element_type=\"widget\" data-widget_type=\"jet-listing-dynamic-image.default\">\n\t\t\t\t<div class=\"elementor-widget-container\">\n\t\t\t\t\t<div class=\"jet-listing jet-listing-dynamic-image\" ><img decoding=\"async\" width=\"350\" height=\"500\" src=\"https:\/\/ariapolymer.co\/tr\/wp-content\/uploads\/2025\/05\/AriaPolymer_adhesive4107_3.jpg\" class=\"jet-listing-dynamic-image__img attachment-full size-full\" alt=\"5-Layer Pipe Coating Adhesive\" srcset=\"https:\/\/ariapolymer.co\/tr\/wp-content\/uploads\/2025\/05\/AriaPolymer_adhesive4107_3.jpg 350w, https:\/\/ariapolymer.co\/tr\/wp-content\/uploads\/2025\/05\/AriaPolymer_adhesive4107_3-210x300.jpg 210w\" sizes=\"(max-width: 350px) 100vw, 350px\" loading=\"eager\" \/><\/div>\t\t\t\t<\/div>\n\t\t\t\t<\/div>\n\t\t\t\t<\/a>\n\t\t\t\t<\/div>\n\t\t<\/div><div class=\"jet-listing-grid__item jet-listing-dynamic-post-397\" data-post-id=\"397\" >\t\t<div data-elementor-type=\"jet-listing-items\" data-elementor-id=\"154\" class=\"elementor elementor-154\" data-elementor-post-type=\"jet-engine\">\n\t\t\t\t<a class=\"elementor-element elementor-element-77e62ca e-con-full e-flex e-con e-parent\" data-id=\"77e62ca\" data-element_type=\"container\" href=\"https:\/\/ariapolymer.co\/tr\/product\/film-packaging-adhesive\/\">\n\t\t<div class=\"elementor-element elementor-element-11e8de1 e-con-full e-flex e-con e-child\" data-id=\"11e8de1\" data-element_type=\"container\" data-settings=\"{&quot;background_background&quot;:&quot;classic&quot;}\">\n\t\t\t\t<div class=\"elementor-element elementor-element-e50567e elementor-widget elementor-widget-jet-listing-dynamic-field\" data-id=\"e50567e\" data-element_type=\"widget\" data-widget_type=\"jet-listing-dynamic-field.default\">\n\t\t\t\t<div class=\"elementor-widget-container\">\n\t\t\t\t\t<div class=\"jet-listing jet-listing-dynamic-field display-inline\"><div class=\"jet-listing-dynamic-field__inline-wrap\"><span class=\"jet-listing-dynamic-field__content\">Film ve Ambalaj Yap\u0131\u015ft\u0131r\u0131c\u0131s\u0131<\/span><\/div><\/div>\t\t\t\t<\/div>\n\t\t\t\t<\/div>\n\t\t\t\t<div class=\"elementor-element elementor-element-d76ca33 elementor-widget elementor-widget-jet-listing-dynamic-field\" data-id=\"d76ca33\" data-element_type=\"widget\" data-widget_type=\"jet-listing-dynamic-field.default\">\n\t\t\t\t<div class=\"elementor-widget-container\">\n\t\t\t\t\t<div class=\"jet-listing jet-listing-dynamic-field display-inline\"><div class=\"jet-listing-dynamic-field__inline-wrap\"><span class=\"jet-listing-dynamic-field__content\">Ba\u011flay\u0131c\u0131 Katman Yap\u0131\u015ft\u0131r\u0131c\u0131s\u0131<\/span><\/div><\/div>\t\t\t\t<\/div>\n\t\t\t\t<\/div>\n\t\t\t\t<\/div>\n\t\t\t\t<div class=\"elementor-element elementor-element-8770fc8 elementor-widget elementor-widget-jet-listing-dynamic-image\" data-id=\"8770fc8\" data-element_type=\"widget\" data-widget_type=\"jet-listing-dynamic-image.default\">\n\t\t\t\t<div class=\"elementor-widget-container\">\n\t\t\t\t\t<div class=\"jet-listing jet-listing-dynamic-image\" ><img decoding=\"async\" width=\"350\" height=\"500\" src=\"https:\/\/ariapolymer.co\/tr\/wp-content\/uploads\/2025\/04\/AriaPolymer_adhesive4100_1.jpg\" class=\"jet-listing-dynamic-image__img attachment-full size-full\" alt=\"Film &amp; Packaging Adhesive\" srcset=\"https:\/\/ariapolymer.co\/tr\/wp-content\/uploads\/2025\/04\/AriaPolymer_adhesive4100_1.jpg 350w, https:\/\/ariapolymer.co\/tr\/wp-content\/uploads\/2025\/04\/AriaPolymer_adhesive4100_1-210x300.jpg 210w\" sizes=\"(max-width: 350px) 100vw, 350px\" loading=\"eager\" \/><\/div>\t\t\t\t<\/div>\n\t\t\t\t<\/div>\n\t\t\t\t<\/a>\n\t\t\t\t<\/div>\n\t\t<\/div><div class=\"jet-listing-grid__item jet-listing-dynamic-post-393\" data-post-id=\"393\" >\t\t<div data-elementor-type=\"jet-listing-items\" data-elementor-id=\"154\" class=\"elementor elementor-154\" data-elementor-post-type=\"jet-engine\">\n\t\t\t\t<a class=\"elementor-element elementor-element-77e62ca e-con-full e-flex e-con e-parent\" data-id=\"77e62ca\" data-element_type=\"container\" href=\"https:\/\/ariapolymer.co\/tr\/product\/corrugated-pipe-coating-adhesive\/\">\n\t\t<div class=\"elementor-element elementor-element-11e8de1 e-con-full e-flex e-con e-child\" data-id=\"11e8de1\" data-element_type=\"container\" data-settings=\"{&quot;background_background&quot;:&quot;classic&quot;}\">\n\t\t\t\t<div class=\"elementor-element elementor-element-e50567e elementor-widget elementor-widget-jet-listing-dynamic-field\" data-id=\"e50567e\" data-element_type=\"widget\" data-widget_type=\"jet-listing-dynamic-field.default\">\n\t\t\t\t<div class=\"elementor-widget-container\">\n\t\t\t\t\t<div class=\"jet-listing jet-listing-dynamic-field display-inline\"><div class=\"jet-listing-dynamic-field__inline-wrap\"><span class=\"jet-listing-dynamic-field__content\">Oluklu Boru Yap\u0131\u015ft\u0131r\u0131c\u0131s\u0131<\/span><\/div><\/div>\t\t\t\t<\/div>\n\t\t\t\t<\/div>\n\t\t\t\t<div class=\"elementor-element elementor-element-d76ca33 elementor-widget elementor-widget-jet-listing-dynamic-field\" data-id=\"d76ca33\" data-element_type=\"widget\" data-widget_type=\"jet-listing-dynamic-field.default\">\n\t\t\t\t<div class=\"elementor-widget-container\">\n\t\t\t\t\t<div class=\"jet-listing jet-listing-dynamic-field display-inline\"><div class=\"jet-listing-dynamic-field__inline-wrap\"><span class=\"jet-listing-dynamic-field__content\">Ba\u011flay\u0131c\u0131 Katman Yap\u0131\u015ft\u0131r\u0131c\u0131s\u0131<\/span><\/div><\/div>\t\t\t\t<\/div>\n\t\t\t\t<\/div>\n\t\t\t\t<\/div>\n\t\t\t\t<div class=\"elementor-element elementor-element-8770fc8 elementor-widget elementor-widget-jet-listing-dynamic-image\" data-id=\"8770fc8\" data-element_type=\"widget\" data-widget_type=\"jet-listing-dynamic-image.default\">\n\t\t\t\t<div class=\"elementor-widget-container\">\n\t\t\t\t\t<div class=\"jet-listing jet-listing-dynamic-image\" ><img decoding=\"async\" width=\"350\" height=\"500\" src=\"https:\/\/ariapolymer.co\/tr\/wp-content\/uploads\/2025\/04\/AriaPolymer_adhesive4107_2.jpg\" class=\"jet-listing-dynamic-image__img attachment-full size-full\" alt=\"Corrugated Pipe Coating Adhesive\" srcset=\"https:\/\/ariapolymer.co\/tr\/wp-content\/uploads\/2025\/04\/AriaPolymer_adhesive4107_2.jpg 350w, https:\/\/ariapolymer.co\/tr\/wp-content\/uploads\/2025\/04\/AriaPolymer_adhesive4107_2-210x300.jpg 210w\" sizes=\"(max-width: 350px) 100vw, 350px\" loading=\"eager\" \/><\/div>\t\t\t\t<\/div>\n\t\t\t\t<\/div>\n\t\t\t\t<\/a>\n\t\t\t\t<\/div>\n\t\t<\/div><div class=\"jet-listing-grid__item jet-listing-dynamic-post-383\" data-post-id=\"383\" >\t\t<div data-elementor-type=\"jet-listing-items\" data-elementor-id=\"154\" class=\"elementor elementor-154\" data-elementor-post-type=\"jet-engine\">\n\t\t\t\t<a class=\"elementor-element elementor-element-77e62ca e-con-full e-flex e-con e-parent\" data-id=\"77e62ca\" data-element_type=\"container\" href=\"https:\/\/ariapolymer.co\/tr\/product\/three-layer-steel-pipe-coating\/\">\n\t\t<div class=\"elementor-element elementor-element-11e8de1 e-con-full e-flex e-con e-child\" data-id=\"11e8de1\" data-element_type=\"container\" data-settings=\"{&quot;background_background&quot;:&quot;classic&quot;}\">\n\t\t\t\t<div class=\"elementor-element elementor-element-e50567e elementor-widget elementor-widget-jet-listing-dynamic-field\" data-id=\"e50567e\" data-element_type=\"widget\" data-widget_type=\"jet-listing-dynamic-field.default\">\n\t\t\t\t<div class=\"elementor-widget-container\">\n\t\t\t\t\t<div class=\"jet-listing jet-listing-dynamic-field display-inline\"><div class=\"jet-listing-dynamic-field__inline-wrap\"><span class=\"jet-listing-dynamic-field__content\">\u00c7elik Boru Yap\u0131\u015ft\u0131r\u0131c\u0131s\u0131<\/span><\/div><\/div>\t\t\t\t<\/div>\n\t\t\t\t<\/div>\n\t\t\t\t<div class=\"elementor-element elementor-element-d76ca33 elementor-widget elementor-widget-jet-listing-dynamic-field\" data-id=\"d76ca33\" data-element_type=\"widget\" data-widget_type=\"jet-listing-dynamic-field.default\">\n\t\t\t\t<div class=\"elementor-widget-container\">\n\t\t\t\t\t<div class=\"jet-listing jet-listing-dynamic-field display-inline\"><div class=\"jet-listing-dynamic-field__inline-wrap\"><span class=\"jet-listing-dynamic-field__content\">Tie Layer Adhesive<\/span><\/div><\/div>\t\t\t\t<\/div>\n\t\t\t\t<\/div>\n\t\t\t\t<\/div>\n\t\t\t\t<div class=\"elementor-element elementor-element-8770fc8 elementor-widget elementor-widget-jet-listing-dynamic-image\" data-id=\"8770fc8\" data-element_type=\"widget\" data-widget_type=\"jet-listing-dynamic-image.default\">\n\t\t\t\t<div class=\"elementor-widget-container\">\n\t\t\t\t\t<div class=\"jet-listing jet-listing-dynamic-image\" ><img decoding=\"async\" width=\"350\" height=\"500\" src=\"https:\/\/ariapolymer.co\/tr\/wp-content\/uploads\/2025\/04\/AriaPolymer_adhesive4107_1.jpg\" class=\"jet-listing-dynamic-image__img attachment-full size-full\" alt=\"3-Layer Steel Pipe Coating\" srcset=\"https:\/\/ariapolymer.co\/tr\/wp-content\/uploads\/2025\/04\/AriaPolymer_adhesive4107_1.jpg 350w, https:\/\/ariapolymer.co\/tr\/wp-content\/uploads\/2025\/04\/AriaPolymer_adhesive4107_1-210x300.jpg 210w\" sizes=\"(max-width: 350px) 100vw, 350px\" loading=\"eager\" \/><\/div>\t\t\t\t<\/div>\n\t\t\t\t<\/div>\n\t\t\t\t<\/a>\n\t\t\t\t<\/div>\n\t\t<\/div><\/div><\/div>\t\t\t\t<\/div>\n\t\t\t\t<\/div>\n\t\t\t\t\t<\/div>\n\t\t\t\t<\/div>\n\t\t\t\t<\/div>\n\t\t","protected":false},"excerpt":{"rendered":"<p>Buradas\u0131n\u0131z:&nbsp; Ana Sayfa . \u00dcr\u00fcnler .Ba\u011flay\u0131c\u0131 Katman Yap\u0131\u015ft\u0131r\u0131c\u0131s\u0131 Ba\u011flay\u0131c\u0131 Katman Yap\u0131\u015ft\u0131r\u0131c\u0131s\u0131 Ba\u011flay\u0131c\u0131 Katman Yap\u0131\u015ft\u0131r\u0131c\u0131s\u0131, iki farkl\u0131 malzemeyi birbirine ba\u011flamak i\u00e7in kullan\u0131lan \u00f6zel bir yap\u0131\u015ft\u0131r\u0131c\u0131d\u0131r. Genellikle bir taraf polietilen (PE) gibi bir polimer i\u00e7erirken, di\u011fer taraf farkl\u0131 bir malzeme olabilir. Bu yap\u0131\u015ft\u0131r\u0131c\u0131, boru \u00fcretimi, film ve ambalaj ile otomotiv bile\u015fenlerinin imalat\u0131 gibi alanlarda yayg\u0131n olarak kullan\u0131lmaktad\u0131r. [&hellip;]<\/p>\n","protected":false},"author":1,"featured_media":0,"parent":0,"menu_order":0,"comment_status":"closed","ping_status":"closed","template":"elementor_header_footer","meta":{"footnotes":""},"class_list":["post-405","page","type-page","status-publish","hentry"],"_links":{"self":[{"href":"https:\/\/ariapolymer.co\/tr\/wp-json\/wp\/v2\/pages\/405","targetHints":{"allow":["GET"]}}],"collection":[{"href":"https:\/\/ariapolymer.co\/tr\/wp-json\/wp\/v2\/pages"}],"about":[{"href":"https:\/\/ariapolymer.co\/tr\/wp-json\/wp\/v2\/types\/page"}],"author":[{"embeddable":true,"href":"https:\/\/ariapolymer.co\/tr\/wp-json\/wp\/v2\/users\/1"}],"replies":[{"embeddable":true,"href":"https:\/\/ariapolymer.co\/tr\/wp-json\/wp\/v2\/comments?post=405"}],"version-history":[{"count":27,"href":"https:\/\/ariapolymer.co\/tr\/wp-json\/wp\/v2\/pages\/405\/revisions"}],"predecessor-version":[{"id":1000,"href":"https:\/\/ariapolymer.co\/tr\/wp-json\/wp\/v2\/pages\/405\/revisions\/1000"}],"wp:attachment":[{"href":"https:\/\/ariapolymer.co\/tr\/wp-json\/wp\/v2\/media?parent=405"}],"curies":[{"name":"wp","href":"https:\/\/api.w.org\/{rel}","templated":true}]}}