{"id":554,"date":"2025-05-03T12:13:30","date_gmt":"2025-05-03T12:13:30","guid":{"rendered":"https:\/\/ariapolymer.co\/tr\/?page_id=554"},"modified":"2025-11-02T11:32:36","modified_gmt":"2025-11-02T11:32:36","slug":"contact-us","status":"publish","type":"page","link":"https:\/\/ariapolymer.co\/tr\/contact-us\/","title":{"rendered":"Bize Ula\u015f\u0131n"},"content":{"rendered":"\t\t<div data-elementor-type=\"wp-page\" data-elementor-id=\"554\" class=\"elementor elementor-554\" data-elementor-post-type=\"page\">\n\t\t\t\t<div class=\"elementor-element elementor-element-3b58d033 e-con-full e-flex e-con e-parent\" data-id=\"3b58d033\" data-element_type=\"container\" data-settings=\"{&quot;background_background&quot;:&quot;classic&quot;}\">\n\t\t\t\t<div class=\"elementor-element elementor-element-5f2a4ac9 elementor-widget elementor-widget-heading\" data-id=\"5f2a4ac9\" data-element_type=\"widget\" data-widget_type=\"heading.default\">\n\t\t\t\t<div class=\"elementor-widget-container\">\n\t\t\t\t\t<span class=\"elementor-heading-title elementor-size-default\">Buradas\u0131n\u0131z:&nbsp;<\/span>\t\t\t\t<\/div>\n\t\t\t\t<\/div>\n\t\t\t\t<div class=\"elementor-element elementor-element-2ae0b543 elementor-widget elementor-widget-heading\" data-id=\"2ae0b543\" data-element_type=\"widget\" data-widget_type=\"heading.default\">\n\t\t\t\t<div class=\"elementor-widget-container\">\n\t\t\t\t\t<span class=\"elementor-heading-title elementor-size-default\"><a href=\"https:\/\/ariapolymer.co\/tr\"> Ana Sayfa<\/a><\/span>\t\t\t\t<\/div>\n\t\t\t\t<\/div>\n\t\t\t\t<div class=\"elementor-element elementor-element-7aad1103 elementor-widget elementor-widget-heading\" data-id=\"7aad1103\" data-element_type=\"widget\" data-widget_type=\"heading.default\">\n\t\t\t\t<div class=\"elementor-widget-container\">\n\t\t\t\t\t<span class=\"elementor-heading-title elementor-size-default\"><a href=\"https:\/\/ariapolymer.co\/temp\/\">.<\/a><\/span>\t\t\t\t<\/div>\n\t\t\t\t<\/div>\n\t\t\t\t<div class=\"elementor-element elementor-element-d256aee elementor-widget elementor-widget-heading\" data-id=\"d256aee\" data-element_type=\"widget\" data-widget_type=\"heading.default\">\n\t\t\t\t<div class=\"elementor-widget-container\">\n\t\t\t\t\t<span class=\"elementor-heading-title elementor-size-default\">&nbsp;Bize Ula\u015f\u0131n<\/span>\t\t\t\t<\/div>\n\t\t\t\t<\/div>\n\t\t\t\t<\/div>\n\t\t<div class=\"elementor-element elementor-element-10fcb91 e-flex e-con-boxed e-con e-parent\" data-id=\"10fcb91\" data-element_type=\"container\">\n\t\t\t\t\t<div class=\"e-con-inner\">\n\t\t\t\t<div class=\"elementor-element elementor-element-9537062 elementor-widget elementor-widget-image\" data-id=\"9537062\" data-element_type=\"widget\" data-widget_type=\"image.default\">\n\t\t\t\t<div class=\"elementor-widget-container\">\n\t\t\t\t\t\t\t\t\t\t\t\t\t\t\t<img fetchpriority=\"high\" decoding=\"async\" width=\"1200\" height=\"400\" src=\"https:\/\/ariapolymer.co\/tr\/wp-content\/uploads\/2025\/05\/AriaPolymer_contactUs.jpg\" class=\"attachment-full size-full wp-image-560\" alt=\"\" srcset=\"https:\/\/ariapolymer.co\/tr\/wp-content\/uploads\/2025\/05\/AriaPolymer_contactUs.jpg 1200w, https:\/\/ariapolymer.co\/tr\/wp-content\/uploads\/2025\/05\/AriaPolymer_contactUs-300x100.jpg 300w, https:\/\/ariapolymer.co\/tr\/wp-content\/uploads\/2025\/05\/AriaPolymer_contactUs-1024x341.jpg 1024w, https:\/\/ariapolymer.co\/tr\/wp-content\/uploads\/2025\/05\/AriaPolymer_contactUs-768x256.jpg 768w\" sizes=\"(max-width: 1200px) 100vw, 1200px\" \/>\t\t\t\t\t\t\t\t\t\t\t\t\t\t\t<\/div>\n\t\t\t\t<\/div>\n\t\t\t\t<div class=\"elementor-element elementor-element-f6ce0b0 elementor-widget elementor-widget-heading\" data-id=\"f6ce0b0\" data-element_type=\"widget\" data-widget_type=\"heading.default\">\n\t\t\t\t<div class=\"elementor-widget-container\">\n\t\t\t\t\t<h1 class=\"elementor-heading-title elementor-size-default\">Bize Ula\u015f\u0131n<\/h1>\t\t\t\t<\/div>\n\t\t\t\t<\/div>\n\t\t\t\t<div class=\"elementor-element elementor-element-0b1bba1 elementor-widget elementor-widget-text-editor\" data-id=\"0b1bba1\" data-element_type=\"widget\" data-widget_type=\"text-editor.default\">\n\t\t\t\t<div class=\"elementor-widget-container\">\n\t\t\t\t\t\t\t\t\t<p>Uzmanlar\u0131m\u0131z sizi dinlemeye her zaman haz\u0131r. A\u015fa\u011f\u0131daki ileti\u015fim kanallar\u0131ndan bize ula\u015fabilirsiniz:<\/p>\t\t\t\t\t\t\t\t<\/div>\n\t\t\t\t<\/div>\n\t\t<div class=\"elementor-element elementor-element-9189ba0 e-con-full e-flex e-con e-child\" data-id=\"9189ba0\" data-element_type=\"container\">\n\t\t<div class=\"elementor-element elementor-element-564fb78 e-con-full e-flex e-con e-child\" data-id=\"564fb78\" data-element_type=\"container\">\n\t\t\t\t<div class=\"elementor-element elementor-element-59f7e95 elementor-widget elementor-widget-heading\" data-id=\"59f7e95\" data-element_type=\"widget\" data-widget_type=\"heading.default\">\n\t\t\t\t<div class=\"elementor-widget-container\">\n\t\t\t\t\t<h2 class=\"elementor-heading-title elementor-size-default\">Merkez Ofis &amp; Fabrika<\/h2>\t\t\t\t<\/div>\n\t\t\t\t<\/div>\n\t\t\t\t<div class=\"elementor-element elementor-element-eea0232 elementor-widget elementor-widget-heading\" data-id=\"eea0232\" data-element_type=\"widget\" data-widget_type=\"heading.default\">\n\t\t\t\t<div class=\"elementor-widget-container\">\n\t\t\t\t\t<span class=\"elementor-heading-title elementor-size-default\"><b>Adres<\/b>: Aria Polymer Binas\u0131, 15. Sokak, \u0130sfahan Bilim ve Teknoloji Kenti, \u0130sfahan Teknoloji \u00dcniversitesi, \u0130sfahan, \u0130ran<\/span>\t\t\t\t<\/div>\n\t\t\t\t<\/div>\n\t\t\t\t<div class=\"elementor-element elementor-element-7fa9bb0 elementor-widget elementor-widget-heading\" data-id=\"7fa9bb0\" data-element_type=\"widget\" data-widget_type=\"heading.default\">\n\t\t\t\t<div class=\"elementor-widget-container\">\n\t\t\t\t\t<span class=\"elementor-heading-title elementor-size-default\"><b>Telefon<\/b>: +98 (31) 3393 21 51-2<\/span>\t\t\t\t<\/div>\n\t\t\t\t<\/div>\n\t\t\t\t<div class=\"elementor-element elementor-element-fd0f53f elementor-widget elementor-widget-heading\" data-id=\"fd0f53f\" data-element_type=\"widget\" data-widget_type=\"heading.default\">\n\t\t\t\t<div class=\"elementor-widget-container\">\n\t\t\t\t\t<span class=\"elementor-heading-title elementor-size-default\"><b>WhatApp<\/b>: +98 903 701 1593<\/span>\t\t\t\t<\/div>\n\t\t\t\t<\/div>\n\t\t\t\t<div class=\"elementor-element elementor-element-201d729 elementor-widget elementor-widget-heading\" data-id=\"201d729\" data-element_type=\"widget\" data-widget_type=\"heading.default\">\n\t\t\t\t<div class=\"elementor-widget-container\">\n\t\t\t\t\t<span class=\"elementor-heading-title elementor-size-default\"><b>Email<\/b>: sales@ariapolymer.co<\/span>\t\t\t\t<\/div>\n\t\t\t\t<\/div>\n\t\t\t\t<div class=\"elementor-element elementor-element-26cd84c elementor-widget elementor-widget-heading\" data-id=\"26cd84c\" data-element_type=\"widget\" data-widget_type=\"heading.default\">\n\t\t\t\t<div class=\"elementor-widget-container\">\n\t\t\t\t\t<span class=\"elementor-heading-title elementor-size-default\"><b>\u00c7al\u0131\u015fma Saatleri<\/b>: Pazartesi\u2019den Cuma\u2019ya, 08:00 \u2013 17:00<\/span>\t\t\t\t<\/div>\n\t\t\t\t<\/div>\n\t\t\t\t<\/div>\n\t\t<div class=\"elementor-element elementor-element-bbf8180 e-con-full e-flex e-con e-child\" data-id=\"bbf8180\" data-element_type=\"container\">\n\t\t\t\t<div class=\"elementor-element elementor-element-92ca759 elementor-widget elementor-widget-text-editor\" data-id=\"92ca759\" data-element_type=\"widget\" data-widget_type=\"text-editor.default\">\n\t\t\t\t<div class=\"elementor-widget-container\">\n\t\t\t\t\t\t\t\t\t<iframe style=\"border: 0;\" src=\"https:\/\/www.google.com\/maps\/embed?pb=!1m18!1m12!1m3!1d3356.802045240849!2d51.5095781!3d32.717887499999996!2m3!1f0!2f0!3f0!3m2!1i1024!2i768!4f13.1!3m3!1m2!1s0x3fbdcdd872091b0d%3A0x18df1ea0bf0df9da!2sAria%20Polymer%20Pishgam!5e0!3m2!1sen!2s!4v1746276117704!5m2!1sen!2s\" width=\"600\" height=\"300\" allowfullscreen=\"allowfullscreen\"><span data-mce-type=\"bookmark\" style=\"display: inline-block; width: 0px; overflow: hidden; line-height: 0;\" class=\"mce_SELRES_start\">\ufeff<\/span><\/iframe>\t\t\t\t\t\t\t\t<\/div>\n\t\t\t\t<\/div>\n\t\t\t\t<\/div>\n\t\t\t\t<\/div>\n\t\t\t\t\t<\/div>\n\t\t\t\t<\/div>\n\t\t\t\t<\/div>\n\t\t","protected":false},"excerpt":{"rendered":"<p>Buradas\u0131n\u0131z:&nbsp; Ana Sayfa . &nbsp;Bize Ula\u015f\u0131n Bize Ula\u015f\u0131n Uzmanlar\u0131m\u0131z sizi dinlemeye her zaman haz\u0131r. A\u015fa\u011f\u0131daki ileti\u015fim kanallar\u0131ndan bize ula\u015fabilirsiniz: Merkez Ofis &amp; Fabrika Adres: Aria Polymer Binas\u0131, 15. Sokak, \u0130sfahan Bilim ve Teknoloji Kenti, \u0130sfahan Teknoloji \u00dcniversitesi, \u0130sfahan, \u0130ran Telefon: +98 (31) 3393 21 51-2 WhatApp: +98 903 701 1593 Email: sales@ariapolymer.co \u00c7al\u0131\u015fma Saatleri: Pazartesi\u2019den [&hellip;]<\/p>\n","protected":false},"author":1,"featured_media":0,"parent":0,"menu_order":0,"comment_status":"closed","ping_status":"closed","template":"elementor_header_footer","meta":{"footnotes":""},"class_list":["post-554","page","type-page","status-publish","hentry"],"_links":{"self":[{"href":"https:\/\/ariapolymer.co\/tr\/wp-json\/wp\/v2\/pages\/554","targetHints":{"allow":["GET"]}}],"collection":[{"href":"https:\/\/ariapolymer.co\/tr\/wp-json\/wp\/v2\/pages"}],"about":[{"href":"https:\/\/ariapolymer.co\/tr\/wp-json\/wp\/v2\/types\/page"}],"author":[{"embeddable":true,"href":"https:\/\/ariapolymer.co\/tr\/wp-json\/wp\/v2\/users\/1"}],"replies":[{"embeddable":true,"href":"https:\/\/ariapolymer.co\/tr\/wp-json\/wp\/v2\/comments?post=554"}],"version-history":[{"count":50,"href":"https:\/\/ariapolymer.co\/tr\/wp-json\/wp\/v2\/pages\/554\/revisions"}],"predecessor-version":[{"id":1041,"href":"https:\/\/ariapolymer.co\/tr\/wp-json\/wp\/v2\/pages\/554\/revisions\/1041"}],"wp:attachment":[{"href":"https:\/\/ariapolymer.co\/tr\/wp-json\/wp\/v2\/media?parent=554"}],"curies":[{"name":"wp","href":"https:\/\/api.w.org\/{rel}","templated":true}]}}