{"id":214,"date":"2025-04-16T09:27:39","date_gmt":"2025-04-16T09:27:39","guid":{"rendered":"https:\/\/ariapolymer.co\/tr\/?post_type=product&#038;p=214"},"modified":"2025-07-22T08:47:45","modified_gmt":"2025-07-22T08:47:45","slug":"slip-masterbatch","status":"publish","type":"product","link":"https:\/\/ariapolymer.co\/tr\/product\/slip-masterbatch\/","title":{"rendered":"Kayd\u0131r\u0131c\u0131 Masterbatch"},"content":{"rendered":"","protected":false},"template":"","product-category":[18,26,32,16,22,11,30,31,25,27,33,15],"class_list":["post-214","product","type-product","status-publish","hentry","product-category-packaging","product-category-base","product-category-bopp","product-category-industry","product-category-film","product-category-masterbatch","product-category-pe","product-category-pet","product-category-plastic-manufacturing","product-category-pp","product-category-agriculatural-film","product-category-product"],"_links":{"self":[{"href":"https:\/\/ariapolymer.co\/tr\/wp-json\/wp\/v2\/product\/214","targetHints":{"allow":["GET"]}}],"collection":[{"href":"https:\/\/ariapolymer.co\/tr\/wp-json\/wp\/v2\/product"}],"about":[{"href":"https:\/\/ariapolymer.co\/tr\/wp-json\/wp\/v2\/types\/product"}],"wp:attachment":[{"href":"https:\/\/ariapolymer.co\/tr\/wp-json\/wp\/v2\/media?parent=214"}],"wp:term":[{"taxonomy":"product-category","embeddable":true,"href":"https:\/\/ariapolymer.co\/tr\/wp-json\/wp\/v2\/product-category?post=214"}],"curies":[{"name":"wp","href":"https:\/\/api.w.org\/{rel}","templated":true}]}}