{"id":235,"date":"2025-04-23T08:48:15","date_gmt":"2025-04-23T08:48:15","guid":{"rendered":"https:\/\/ariapolymer.co\/tr\/?post_type=product&#038;p=235"},"modified":"2025-07-27T07:54:21","modified_gmt":"2025-07-27T07:54:21","slug":"processing-aid-masterbatch","status":"publish","type":"product","link":"https:\/\/ariapolymer.co\/tr\/product\/processing-aid-masterbatch\/","title":{"rendered":"\u0130\u015flem Kolayla\u015ft\u0131r\u0131c\u0131 Masterbatch"},"content":{"rendered":"","protected":false},"template":"","product-category":[18,26,37,16,22,11,35,30,25,27,36,33,29,34,15],"class_list":["post-235","product","type-product","status-publish","hentry","product-category-packaging","product-category-base","product-category-woven-sack","product-category-industry","product-category-film","product-category-masterbatch","product-category-play-park-equipment","product-category-pe","product-category-plastic-manufacturing","product-category-pp","product-category-artificial-grass","product-category-agriculatural-film","product-category-textile","product-category-traffic-equipment","product-category-product"],"_links":{"self":[{"href":"https:\/\/ariapolymer.co\/tr\/wp-json\/wp\/v2\/product\/235","targetHints":{"allow":["GET"]}}],"collection":[{"href":"https:\/\/ariapolymer.co\/tr\/wp-json\/wp\/v2\/product"}],"about":[{"href":"https:\/\/ariapolymer.co\/tr\/wp-json\/wp\/v2\/types\/product"}],"wp:attachment":[{"href":"https:\/\/ariapolymer.co\/tr\/wp-json\/wp\/v2\/media?parent=235"}],"wp:term":[{"taxonomy":"product-category","embeddable":true,"href":"https:\/\/ariapolymer.co\/tr\/wp-json\/wp\/v2\/product-category?post=235"}],"curies":[{"name":"wp","href":"https:\/\/api.w.org\/{rel}","templated":true}]}}