{"id":353,"date":"2025-04-29T11:21:17","date_gmt":"2025-04-29T11:21:17","guid":{"rendered":"https:\/\/ariapolymer.co\/tr\/?post_type=product&#038;p=353"},"modified":"2025-07-27T07:29:24","modified_gmt":"2025-07-27T07:29:24","slug":"tpe-grafted-maleic-anhydride","status":"publish","type":"product","link":"https:\/\/ariapolymer.co\/tr\/product\/tpe-grafted-maleic-anhydride\/","title":{"rendered":"TPE \u00dczerine Graftlanm\u0131\u015f Maleik Anhidrit"},"content":{"rendered":"","protected":false},"template":"","product-category":[12,26,16,47,39,17,27,15,43],"class_list":["post-353","product","type-product","status-publish","hentry","product-category-coupling-agent","product-category-base","product-category-industry","product-category-recycling","product-category-compounding","product-category-automotive","product-category-pp","product-category-product","product-category-wpc"],"_links":{"self":[{"href":"https:\/\/ariapolymer.co\/tr\/wp-json\/wp\/v2\/product\/353","targetHints":{"allow":["GET"]}}],"collection":[{"href":"https:\/\/ariapolymer.co\/tr\/wp-json\/wp\/v2\/product"}],"about":[{"href":"https:\/\/ariapolymer.co\/tr\/wp-json\/wp\/v2\/types\/product"}],"wp:attachment":[{"href":"https:\/\/ariapolymer.co\/tr\/wp-json\/wp\/v2\/media?parent=353"}],"wp:term":[{"taxonomy":"product-category","embeddable":true,"href":"https:\/\/ariapolymer.co\/tr\/wp-json\/wp\/v2\/product-category?post=353"}],"curies":[{"name":"wp","href":"https:\/\/api.w.org\/{rel}","templated":true}]}}