{"id":383,"date":"2025-04-30T05:15:05","date_gmt":"2025-04-30T05:15:05","guid":{"rendered":"https:\/\/ariapolymer.co\/tr\/?post_type=product&#038;p=383"},"modified":"2025-07-27T07:25:54","modified_gmt":"2025-07-27T07:25:54","slug":"three-layer-steel-pipe-coating","status":"publish","type":"product","link":"https:\/\/ariapolymer.co\/tr\/product\/three-layer-steel-pipe-coating\/","title":{"rendered":"3 Katmanl\u0131 \u00c7elik Boru Kaplama Yap\u0131\u015ft\u0131r\u0131c\u0131s\u0131"},"content":{"rendered":"\n<p><\/p>\n\n\n\n<p><\/p>\n","protected":false},"template":"","product-category":[13,26,20,16,30,15,45],"class_list":["post-383","product","type-product","status-publish","hentry","product-category-tie-layer-adhesive","product-category-base","product-category-pipe-fitting","product-category-industry","product-category-pe","product-category-product","product-category-adhesive"],"_links":{"self":[{"href":"https:\/\/ariapolymer.co\/tr\/wp-json\/wp\/v2\/product\/383","targetHints":{"allow":["GET"]}}],"collection":[{"href":"https:\/\/ariapolymer.co\/tr\/wp-json\/wp\/v2\/product"}],"about":[{"href":"https:\/\/ariapolymer.co\/tr\/wp-json\/wp\/v2\/types\/product"}],"wp:attachment":[{"href":"https:\/\/ariapolymer.co\/tr\/wp-json\/wp\/v2\/media?parent=383"}],"wp:term":[{"taxonomy":"product-category","embeddable":true,"href":"https:\/\/ariapolymer.co\/tr\/wp-json\/wp\/v2\/product-category?post=383"}],"curies":[{"name":"wp","href":"https:\/\/api.w.org\/{rel}","templated":true}]}}