{"id":393,"date":"2025-04-30T06:37:38","date_gmt":"2025-04-30T06:37:38","guid":{"rendered":"https:\/\/ariapolymer.co\/tr\/?post_type=product&#038;p=393"},"modified":"2025-07-22T07:49:00","modified_gmt":"2025-07-22T07:49:00","slug":"corrugated-pipe-coating-adhesive","status":"publish","type":"product","link":"https:\/\/ariapolymer.co\/tr\/product\/corrugated-pipe-coating-adhesive\/","title":{"rendered":"Oluklu Boru Kaplama Yap\u0131\u015ft\u0131r\u0131c\u0131s\u0131"},"content":{"rendered":"\n<p>Ask ChatGPT<\/p>\n\n\n\n<p><\/p>\n","protected":false},"template":"","product-category":[13,26,20,16,30,15,45],"class_list":["post-393","product","type-product","status-publish","hentry","product-category-tie-layer-adhesive","product-category-base","product-category-pipe-fitting","product-category-industry","product-category-pe","product-category-product","product-category-adhesive"],"_links":{"self":[{"href":"https:\/\/ariapolymer.co\/tr\/wp-json\/wp\/v2\/product\/393","targetHints":{"allow":["GET"]}}],"collection":[{"href":"https:\/\/ariapolymer.co\/tr\/wp-json\/wp\/v2\/product"}],"about":[{"href":"https:\/\/ariapolymer.co\/tr\/wp-json\/wp\/v2\/types\/product"}],"wp:attachment":[{"href":"https:\/\/ariapolymer.co\/tr\/wp-json\/wp\/v2\/media?parent=393"}],"wp:term":[{"taxonomy":"product-category","embeddable":true,"href":"https:\/\/ariapolymer.co\/tr\/wp-json\/wp\/v2\/product-category?post=393"}],"curies":[{"name":"wp","href":"https:\/\/api.w.org\/{rel}","templated":true}]}}