{"id":397,"date":"2025-04-30T11:57:06","date_gmt":"2025-04-30T11:57:06","guid":{"rendered":"https:\/\/ariapolymer.co\/tr\/?post_type=product&#038;p=397"},"modified":"2025-07-22T07:15:49","modified_gmt":"2025-07-22T07:15:49","slug":"film-packaging-adhesive","status":"publish","type":"product","link":"https:\/\/ariapolymer.co\/tr\/product\/film-packaging-adhesive\/","title":{"rendered":"Film ve Ambalaj Yap\u0131\u015ft\u0131r\u0131c\u0131s\u0131"},"content":{"rendered":"","protected":false},"template":"","product-category":[18,13,26,16,22,30,27,15,45],"class_list":["post-397","product","type-product","status-publish","hentry","product-category-packaging","product-category-tie-layer-adhesive","product-category-base","product-category-industry","product-category-film","product-category-pe","product-category-pp","product-category-product","product-category-adhesive"],"_links":{"self":[{"href":"https:\/\/ariapolymer.co\/tr\/wp-json\/wp\/v2\/product\/397","targetHints":{"allow":["GET"]}}],"collection":[{"href":"https:\/\/ariapolymer.co\/tr\/wp-json\/wp\/v2\/product"}],"about":[{"href":"https:\/\/ariapolymer.co\/tr\/wp-json\/wp\/v2\/types\/product"}],"wp:attachment":[{"href":"https:\/\/ariapolymer.co\/tr\/wp-json\/wp\/v2\/media?parent=397"}],"wp:term":[{"taxonomy":"product-category","embeddable":true,"href":"https:\/\/ariapolymer.co\/tr\/wp-json\/wp\/v2\/product-category?post=397"}],"curies":[{"name":"wp","href":"https:\/\/api.w.org\/{rel}","templated":true}]}}