{"id":404,"date":"2025-05-01T06:25:41","date_gmt":"2025-05-01T06:25:41","guid":{"rendered":"https:\/\/ariapolymer.co\/tr\/?post_type=product&#038;p=404"},"modified":"2025-07-22T07:16:51","modified_gmt":"2025-07-22T07:16:51","slug":"five-layer-pipe-coating-adhesive","status":"publish","type":"product","link":"https:\/\/ariapolymer.co\/tr\/product\/five-layer-pipe-coating-adhesive\/","title":{"rendered":"5 Katmanl\u0131 Boru Yap\u0131\u015ft\u0131r\u0131c\u0131s\u0131"},"content":{"rendered":"","protected":false},"template":"","product-category":[13,26,20,16,30,15,45],"class_list":["post-404","product","type-product","status-publish","hentry","product-category-tie-layer-adhesive","product-category-base","product-category-pipe-fitting","product-category-industry","product-category-pe","product-category-product","product-category-adhesive"],"_links":{"self":[{"href":"https:\/\/ariapolymer.co\/tr\/wp-json\/wp\/v2\/product\/404","targetHints":{"allow":["GET"]}}],"collection":[{"href":"https:\/\/ariapolymer.co\/tr\/wp-json\/wp\/v2\/product"}],"about":[{"href":"https:\/\/ariapolymer.co\/tr\/wp-json\/wp\/v2\/types\/product"}],"wp:attachment":[{"href":"https:\/\/ariapolymer.co\/tr\/wp-json\/wp\/v2\/media?parent=404"}],"wp:term":[{"taxonomy":"product-category","embeddable":true,"href":"https:\/\/ariapolymer.co\/tr\/wp-json\/wp\/v2\/product-category?post=404"}],"curies":[{"name":"wp","href":"https:\/\/api.w.org\/{rel}","templated":true}]}}